{"id":288,"date":"2021-12-22T12:44:07","date_gmt":"2021-12-22T11:44:07","guid":{"rendered":"https:\/\/gruene-wriezen.de\/?page_id=288"},"modified":"2021-12-22T19:04:54","modified_gmt":"2021-12-22T18:04:54","slug":"willkommen","status":"publish","type":"page","link":"https:\/\/gruene-wriezen.de\/","title":{"rendered":"Willkommen"},"content":{"rendered":"\n<div class=\"wp-block-cover has-background-dim-20 has-background-dim\" style=\"min-height:519px;aspect-ratio:unset;\"><img loading=\"lazy\" decoding=\"async\" width=\"1600\" height=\"1067\" class=\"wp-block-cover__image-background wp-image-34\" alt=\"\" src=\"https:\/\/gruene-wriezen.de\/wp-content\/uploads\/2020\/02\/CR2A1181.jpg\" style=\"object-position:52% 17%\" data-object-fit=\"cover\" data-object-position=\"52% 17%\" srcset=\"https:\/\/gruene-wriezen.de\/wp-content\/uploads\/2020\/02\/CR2A1181.jpg 1600w, https:\/\/gruene-wriezen.de\/wp-content\/uploads\/2020\/02\/CR2A1181-400x267.jpg 400w, https:\/\/gruene-wriezen.de\/wp-content\/uploads\/2020\/02\/CR2A1181-800x534.jpg 800w, https:\/\/gruene-wriezen.de\/wp-content\/uploads\/2020\/02\/CR2A1181-768x512.jpg 768w, https:\/\/gruene-wriezen.de\/wp-content\/uploads\/2020\/02\/CR2A1181-1536x1024.jpg 1536w, https:\/\/gruene-wriezen.de\/wp-content\/uploads\/2020\/02\/CR2A1181-150x100.jpg 150w\" sizes=\"auto, (max-width: 1600px) 100vw, 1600px\" \/><div class=\"wp-block-cover__inner-container is-layout-flow wp-block-cover-is-layout-flow\">\n<h1 class=\"has-text-align-center no-link has-white-color has-text-color wp-block-heading\"><a href=\"#first-content\" data-type=\"internal\" data-id=\"#first-content\">Frischer Wind f\u00fcr Wriezen<\/a><\/h1>\n<\/div><\/div>\n\n\n\n<div class=\"wp-block-group is-layout-flow wp-block-group-is-layout-flow\">\n<div class=\"wp-block-columns is-layout-flex wp-container-core-columns-is-layout-1 wp-block-columns-is-layout-flex\">\n<div class=\"wp-block-column is-layout-flow wp-block-column-is-layout-flow\">\n<h2 class=\"h1 wp-block-heading\" id=\"first-content\">Herzlich<br>Willkommen<\/h2>\n\n\n\n<h3 class=\"h4 wp-block-heading\">bei den Wriezener GR\u00dcNEN<\/h3>\n<\/div>\n\n\n\n<div class=\"wp-block-column is-layout-flow wp-block-column-is-layout-flow\">\n<p>Es gibt viele \u2013 gr\u00fcne und weniger gr\u00fcne \u2013 Themen, die uns in Wriezen besch\u00e4ftigen. Nicht nur die Mitglieder unseres Ortsverbandes, sondern alle Einwohner unserer Stadt und der zugeh\u00f6rigen Ortsteile. <\/p>\n\n\n\n<p>So engagieren wir uns f\u00fcr nachhaltige Stadt- und Ortsteilentwicklung, f\u00fcr ein zukunftsf\u00e4higes Innenstadtkonzept. Wir engagieren uns f\u00fcr die Reaktivierung der Wriezener Bahn, weil wir eine bessere Anbindung an die Hauptstadt und eine bessere Anbindung der Hauptstadt an das Oderbruch brauchen. Wir engagieren uns f\u00fcr bessere Bildungschancen und f\u00fcr ein gr\u00f6\u00dferes kulturelles Abgebot. <\/p>\n\n\n\n<p>Vor allem aber engagieren wir uns f\u00fcr eine klare Abgrenzung gegen rechte Strukturen, gegen Gewalt und Rassismus. Wir sind der \u00dcberzeugung, dass ein weltoffenes, tolerantes Wriezen ein Gewinn f\u00fcr alle Menschen unserer Region ist.<\/p>\n<\/div>\n<\/div>\n<\/div>\n\n\n\n<div class=\"wp-block-group same-height has-white-background-color has-background is-layout-flow wp-block-group-is-layout-flow\"><div class=\"has-background latest-posts wp-block-sunflower-latest-posts\">\n        <div class=\"wp-block-group__inner-container\">\n            <h2 class=\"text-center h1\"><\/h2>\n                <div class=\"row\" data-masonry='{\"percentPosition\": true }'><div class=\"col-md-6\">\n<article id=\"post-412\" class=\"bg-white mb-4 has-shadow post-412 post type-post status-publish format-standard has-post-thumbnail hentry category-allgemein\">\n\t<div class=\"\">\n\t\t\t\t\t<div class=\"\">\n\t\t\t\t<a href=\"https:\/\/gruene-wriezen.de\/index.php\/mach-mit-deine-idee-fuer-wriezen\/\" aria-label=\"Post Thumbnail\" rel=\"bookmark\">\n\t\t\t\t\t\t\t\t<img loading=\"lazy\" decoding=\"async\" width=\"640\" height=\"853\" src=\"https:\/\/gruene-wriezen.de\/wp-content\/uploads\/2023\/07\/IMG_5889-768x1024.jpg\" class=\"post-thumbnail wp-post-image\" alt=\"Mach mit: DEINE Idee f\u00fcr Wriezen\" \/>\n\n\t\t\t\t\t\t\t<\/a>\n\t\t\t<\/div>\n\t\t\t\t\t<div class=\"p-45\">\n\t\t\t<header class=\"entry-header mb-2\">\n\t\t\t\t\t\t\t\t<h2 class=\"card-title h4 mb-3\"><a href=\"https:\/\/gruene-wriezen.de\/index.php\/mach-mit-deine-idee-fuer-wriezen\/\" rel=\"bookmark\">Mach mit: DEINE Idee f\u00fcr Wriezen<\/a><\/h2>\t\t\t\t\t<div class=\"entry-meta mb-3\">\n\t\t\t\t\t\t<span class=\"posted-on\"><time class=\"entry-date published\" datetime=\"2023-07-01T15:49:19+02:00\">1. Juli 2023<\/time><time class=\"updated\" datetime=\"2023-07-01T16:03:59+02:00\">1. Juli 2023<\/time><\/span>\t\t\t\t\t<\/div><!-- .entry-meta -->\n\t\t\t\t\t\t\t\t<\/header><!-- .entry-header -->\n\n\t\t\t<div class=\"entry-content\">\n\t\t\t\t<a href=\"https:\/\/gruene-wriezen.de\/index.php\/mach-mit-deine-idee-fuer-wriezen\/\" rel=\"bookmark\">\n\t\t\t\t<p>Seit heute h\u00e4ngen die ersten Ideen und W\u00fcnsche f\u00fcr Wriezen in der Fensterscheibe unseres Gr\u00fcnen B\u00fcros in der Wilhelmstra\u00dfe. Wir wollen mit Ihnen \/ mit Dir ins Gespr\u00e4ch kommen: was [&hellip;]<\/p>\n\t\t\t\t<\/a>\n\t\t\t<\/div><!-- .entry-content -->\n\n\t\t\t<footer class=\"entry-footer\">\n\t\t\t\t\t\t\t<div class=\"d-flex mt-2 mb-2\">\n\t\t\t\t\t\t\t\t<div>\n\t\t<span class=\"cat-links small\"><a href=\"https:\/\/gruene-wriezen.de\/index.php\/category\/allgemein\/\" rel=\"category tag\">Allgemein<\/a><\/span>\n\t\t\t\t<\/div>\n\t\t\t<\/div>\n\t\t\n\t\t\t\t<div class=\"d-flex flex-row-reverse\">\n\t\t\t\t\t<a href=\"https:\/\/gruene-wriezen.de\/index.php\/mach-mit-deine-idee-fuer-wriezen\/\" rel=\"bookmark\" class=\"continue-reading\">\n\t\t\t\t\tweiterlesen\t\t\t\t<\/a>\n\t\t\t\t<\/div>\n\t\t\t<\/footer><!-- .entry-footer -->\n\t\t<\/div>\n\t<\/div>\n<\/article><!-- #post-412 -->\n<\/div><div class=\"col-md-6\">\n<article id=\"post-382\" class=\"bg-white mb-4 has-shadow post-382 post type-post status-publish format-standard has-post-thumbnail hentry category-allgemein\">\n\t<div class=\"\">\n\t\t\t\t\t<div class=\"\">\n\t\t\t\t<a href=\"https:\/\/gruene-wriezen.de\/index.php\/mobilitaetswende-antrag-zu-schnelleren-bahnreaktivierungen-in-brandenburg-gestellt\/\" aria-label=\"Post Thumbnail\" rel=\"bookmark\">\n\t\t\t\t\t\t\t\t<img loading=\"lazy\" decoding=\"async\" width=\"640\" height=\"361\" src=\"https:\/\/gruene-wriezen.de\/wp-content\/uploads\/2022\/03\/Blunk_LDK_Mobilitaetswende-768x433.jpg\" class=\"post-thumbnail wp-post-image\" alt=\"Landesdelegiertenkonferenz: Schnellere Bahnreaktivierungen in Brandenburg gefordert\" \/>\n\n\t\t\t\t\t\t\t<\/a>\n\t\t\t<\/div>\n\t\t\t\t\t<div class=\"p-45\">\n\t\t\t<header class=\"entry-header mb-2\">\n\t\t\t\t\t\t\t\t<h2 class=\"card-title h4 mb-3\"><a href=\"https:\/\/gruene-wriezen.de\/index.php\/mobilitaetswende-antrag-zu-schnelleren-bahnreaktivierungen-in-brandenburg-gestellt\/\" rel=\"bookmark\">Landesdelegiertenkonferenz: Schnellere Bahnreaktivierungen in Brandenburg gefordert<\/a><\/h2>\t\t\t\t\t<div class=\"entry-meta mb-3\">\n\t\t\t\t\t\t<span class=\"posted-on\"><time class=\"entry-date published\" datetime=\"2022-03-27T11:52:42+02:00\">27. M\u00e4rz 2022<\/time><time class=\"updated\" datetime=\"2022-03-27T12:58:01+02:00\">27. M\u00e4rz 2022<\/time><\/span>\t\t\t\t\t<\/div><!-- .entry-meta -->\n\t\t\t\t\t\t\t\t<\/header><!-- .entry-header -->\n\n\t\t\t<div class=\"entry-content\">\n\t\t\t\t<a href=\"https:\/\/gruene-wriezen.de\/index.php\/mobilitaetswende-antrag-zu-schnelleren-bahnreaktivierungen-in-brandenburg-gestellt\/\" rel=\"bookmark\">\n\t\t\t\t<p>Die Fraktion von B\u00fcndnis 90\/Die GR\u00dcNEN soll sich im Landtag massiv f\u00fcr die schnellere Reaktivierung von Bahnstrecken einsetzen. Dazu brachte unser OV-Sprecher Steffen Blunk f\u00fcr den Kreisverband M\u00e4rkisch Oderland einen entsprechenden Antrag auf der Landesdelegiertenkonferenz 2022 in Cottbus ein (siehe Video).<\/p>\n\t\t\t\t<\/a>\n\t\t\t<\/div><!-- .entry-content -->\n\n\t\t\t<footer class=\"entry-footer\">\n\t\t\t\t\t\t\t<div class=\"d-flex mt-2 mb-2\">\n\t\t\t\t\t\t\t\t<div>\n\t\t<span class=\"cat-links small\"><a href=\"https:\/\/gruene-wriezen.de\/index.php\/category\/allgemein\/\" rel=\"category tag\">Allgemein<\/a><\/span>\n\t\t\t\t<\/div>\n\t\t\t<\/div>\n\t\t\n\t\t\t\t<div class=\"d-flex flex-row-reverse\">\n\t\t\t\t\t<a href=\"https:\/\/gruene-wriezen.de\/index.php\/mobilitaetswende-antrag-zu-schnelleren-bahnreaktivierungen-in-brandenburg-gestellt\/\" rel=\"bookmark\" class=\"continue-reading\">\n\t\t\t\t\tweiterlesen\t\t\t\t<\/a>\n\t\t\t\t<\/div>\n\t\t\t<\/footer><!-- .entry-footer -->\n\t\t<\/div>\n\t<\/div>\n<\/article><!-- #post-382 -->\n<\/div><div class=\"col-md-6\">\n<article id=\"post-372\" class=\"bg-white mb-4 has-shadow post-372 post type-post status-publish format-standard has-post-thumbnail hentry category-allgemein\">\n\t<div class=\"\">\n\t\t\t\t\t<div class=\"\">\n\t\t\t\t<a href=\"https:\/\/gruene-wriezen.de\/index.php\/ablehnung-als-ansporn-zwei-jahre-ortsverband-wriezen\/\" aria-label=\"Post Thumbnail\" rel=\"bookmark\">\n\t\t\t\t\t\t\t\t<img loading=\"lazy\" decoding=\"async\" width=\"640\" height=\"480\" src=\"https:\/\/gruene-wriezen.de\/wp-content\/uploads\/2020\/11\/IMG_2862-768x576.jpg\" class=\"post-thumbnail wp-post-image\" alt=\"Ablehnung als Ansporn &#8211; zwei Jahre Ortsverband Wriezen\" \/>\n\n\t\t\t\t\t\t\t<\/a>\n\t\t\t<\/div>\n\t\t\t\t\t<div class=\"p-45\">\n\t\t\t<header class=\"entry-header mb-2\">\n\t\t\t\t\t\t\t\t<h2 class=\"card-title h4 mb-3\"><a href=\"https:\/\/gruene-wriezen.de\/index.php\/ablehnung-als-ansporn-zwei-jahre-ortsverband-wriezen\/\" rel=\"bookmark\">Ablehnung als Ansporn &#8211; zwei Jahre Ortsverband Wriezen<\/a><\/h2>\t\t\t\t\t<div class=\"entry-meta mb-3\">\n\t\t\t\t\t\t<span class=\"posted-on\"><time class=\"entry-date published\" datetime=\"2022-01-27T11:22:13+01:00\">27. Januar 2022<\/time><time class=\"updated\" datetime=\"2023-07-01T15:45:32+02:00\">1. Juli 2023<\/time><\/span>\t\t\t\t\t<\/div><!-- .entry-meta -->\n\t\t\t\t\t\t\t\t<\/header><!-- .entry-header -->\n\n\t\t\t<div class=\"entry-content\">\n\t\t\t\t<a href=\"https:\/\/gruene-wriezen.de\/index.php\/ablehnung-als-ansporn-zwei-jahre-ortsverband-wriezen\/\" rel=\"bookmark\">\n\t\t\t\t<p>Seit zwei Jahren besteht der Wriezener Ortsverband von B\u00fcndnis 90\/DIE GR\u00dcNEN. Gegr\u00fcndet im Dezember 2019 wurden die damals gew\u00e4hlten Sprecher:innen Anne und Steffen Blunk im Amt best\u00e4tigt. Wie sieht ihr [&hellip;]<\/p>\n\t\t\t\t<\/a>\n\t\t\t<\/div><!-- .entry-content -->\n\n\t\t\t<footer class=\"entry-footer\">\n\t\t\t\t\t\t\t<div class=\"d-flex mt-2 mb-2\">\n\t\t\t\t\t\t\t\t<div>\n\t\t<span class=\"cat-links small\"><a href=\"https:\/\/gruene-wriezen.de\/index.php\/category\/allgemein\/\" rel=\"category tag\">Allgemein<\/a><\/span>\n\t\t\t\t<\/div>\n\t\t\t<\/div>\n\t\t\n\t\t\t\t<div class=\"d-flex flex-row-reverse\">\n\t\t\t\t\t<a href=\"https:\/\/gruene-wriezen.de\/index.php\/ablehnung-als-ansporn-zwei-jahre-ortsverband-wriezen\/\" rel=\"bookmark\" class=\"continue-reading\">\n\t\t\t\t\tweiterlesen\t\t\t\t<\/a>\n\t\t\t\t<\/div>\n\t\t\t<\/footer><!-- .entry-footer -->\n\t\t<\/div>\n\t<\/div>\n<\/article><!-- #post-372 -->\n<\/div><div class=\"col-md-6\">\n<article id=\"post-180\" class=\"bg-white mb-4 has-shadow post-180 post type-post status-publish format-standard has-post-thumbnail hentry category-allgemein\">\n\t<div class=\"\">\n\t\t\t\t\t<div class=\"\">\n\t\t\t\t<a href=\"https:\/\/gruene-wriezen.de\/index.php\/innenstadtentwicklung-unsere-gruenen-ideen-zur-fussgaengerzone\/\" aria-label=\"Post Thumbnail\" rel=\"bookmark\">\n\t\t\t\t\t\t\t\t<img loading=\"lazy\" decoding=\"async\" width=\"640\" height=\"480\" src=\"https:\/\/gruene-wriezen.de\/wp-content\/uploads\/2021\/11\/IMG_3631-768x576.jpg\" class=\"post-thumbnail wp-post-image\" alt=\"Innenstadtentwicklung: Unsere gr\u00fcnen Ideen zur Fu\u00dfg\u00e4ngerzone\" \/>\n\n\t\t\t\t\t\t\t<\/a>\n\t\t\t<\/div>\n\t\t\t\t\t<div class=\"p-45\">\n\t\t\t<header class=\"entry-header mb-2\">\n\t\t\t\t\t\t\t\t<h2 class=\"card-title h4 mb-3\"><a href=\"https:\/\/gruene-wriezen.de\/index.php\/innenstadtentwicklung-unsere-gruenen-ideen-zur-fussgaengerzone\/\" rel=\"bookmark\">Innenstadtentwicklung: Unsere gr\u00fcnen Ideen zur Fu\u00dfg\u00e4ngerzone<\/a><\/h2>\t\t\t\t\t<div class=\"entry-meta mb-3\">\n\t\t\t\t\t\t<span class=\"posted-on\"><time class=\"entry-date published\" datetime=\"2021-11-08T10:18:13+01:00\">8. November 2021<\/time><time class=\"updated\" datetime=\"2021-11-09T17:19:59+01:00\">9. November 2021<\/time><\/span>\t\t\t\t\t<\/div><!-- .entry-meta -->\n\t\t\t\t\t\t\t\t<\/header><!-- .entry-header -->\n\n\t\t\t<div class=\"entry-content\">\n\t\t\t\t<a href=\"https:\/\/gruene-wriezen.de\/index.php\/innenstadtentwicklung-unsere-gruenen-ideen-zur-fussgaengerzone\/\" rel=\"bookmark\">\n\t\t\t\t<p>Sp\u00e4testens, wenn im September 2022 die Bindungsfrist der F\u00f6rdermittel f\u00fcr die Fu\u00dfg\u00e4ngerzone in der Wilhelmstra\u00dfe ausl\u00e4uft, wird es wieder eine Diskussion darum geben, sie f\u00fcr den Autoverkehr zu \u00f6ffnen. Einen [&hellip;]<\/p>\n\t\t\t\t<\/a>\n\t\t\t<\/div><!-- .entry-content -->\n\n\t\t\t<footer class=\"entry-footer\">\n\t\t\t\t\t\t\t<div class=\"d-flex mt-2 mb-2\">\n\t\t\t\t\t\t\t\t<div>\n\t\t<span class=\"cat-links small\"><a href=\"https:\/\/gruene-wriezen.de\/index.php\/category\/allgemein\/\" rel=\"category tag\">Allgemein<\/a><\/span>\n\t\t\t\t<\/div>\n\t\t\t<\/div>\n\t\t\n\t\t\t\t<div class=\"d-flex flex-row-reverse\">\n\t\t\t\t\t<a href=\"https:\/\/gruene-wriezen.de\/index.php\/innenstadtentwicklung-unsere-gruenen-ideen-zur-fussgaengerzone\/\" rel=\"bookmark\" class=\"continue-reading\">\n\t\t\t\t\tweiterlesen\t\t\t\t<\/a>\n\t\t\t\t<\/div>\n\t\t\t<\/footer><!-- .entry-footer -->\n\t\t<\/div>\n\t<\/div>\n<\/article><!-- #post-180 -->\n<\/div><div class=\"col-md-6\">\n<article id=\"post-165\" class=\"bg-white mb-4 has-shadow post-165 post type-post status-publish format-standard has-post-thumbnail hentry category-allgemein\">\n\t<div class=\"\">\n\t\t\t\t\t<div class=\"\">\n\t\t\t\t<a href=\"https:\/\/gruene-wriezen.de\/index.php\/wechsel-in-der-stadtverordnetenversammlung\/\" aria-label=\"Post Thumbnail\" rel=\"bookmark\">\n\t\t\t\t\t\t\t\t<img loading=\"lazy\" decoding=\"async\" width=\"640\" height=\"843\" src=\"https:\/\/gruene-wriezen.de\/wp-content\/uploads\/2020\/02\/Karla_Stumpe.jpg\" class=\"post-thumbnail wp-post-image\" alt=\"Wechsel in der Stadtverordnetenversammlung\" \/>\n\n\t\t\t\t\t\t\t<\/a>\n\t\t\t<\/div>\n\t\t\t\t\t<div class=\"p-45\">\n\t\t\t<header class=\"entry-header mb-2\">\n\t\t\t\t\t\t\t\t<h2 class=\"card-title h4 mb-3\"><a href=\"https:\/\/gruene-wriezen.de\/index.php\/wechsel-in-der-stadtverordnetenversammlung\/\" rel=\"bookmark\">Wechsel in der Stadtverordnetenversammlung<\/a><\/h2>\t\t\t\t\t<div class=\"entry-meta mb-3\">\n\t\t\t\t\t\t<span class=\"posted-on\"><time class=\"entry-date published\" datetime=\"2021-01-05T12:36:23+01:00\">5. Januar 2021<\/time><time class=\"updated\" datetime=\"2021-12-22T17:25:39+01:00\">22. Dezember 2021<\/time><\/span>\t\t\t\t\t<\/div><!-- .entry-meta -->\n\t\t\t\t\t\t\t\t<\/header><!-- .entry-header -->\n\n\t\t\t<div class=\"entry-content\">\n\t\t\t\t<a href=\"https:\/\/gruene-wriezen.de\/index.php\/wechsel-in-der-stadtverordnetenversammlung\/\" rel=\"bookmark\">\n\t\t\t\t<p>Mit Wirkung zum 1. Dezember 2020 hat unsere Stadtverordnete Karla Stumpe ihr Mandat aus gesundheitlichen Gr\u00fcnden niedergelegt. Wir danken ihr an dieser Stelle f\u00fcr ihr Engagement in der StVV und [&hellip;]<\/p>\n\t\t\t\t<\/a>\n\t\t\t<\/div><!-- .entry-content -->\n\n\t\t\t<footer class=\"entry-footer\">\n\t\t\t\t\t\t\t<div class=\"d-flex mt-2 mb-2\">\n\t\t\t\t\t\t\t\t<div>\n\t\t<span class=\"cat-links small\"><a href=\"https:\/\/gruene-wriezen.de\/index.php\/category\/allgemein\/\" rel=\"category tag\">Allgemein<\/a><\/span>\n\t\t\t\t<\/div>\n\t\t\t<\/div>\n\t\t\n\t\t\t\t<div class=\"d-flex flex-row-reverse\">\n\t\t\t\t\t<a href=\"https:\/\/gruene-wriezen.de\/index.php\/wechsel-in-der-stadtverordnetenversammlung\/\" rel=\"bookmark\" class=\"continue-reading\">\n\t\t\t\t\tweiterlesen\t\t\t\t<\/a>\n\t\t\t\t<\/div>\n\t\t\t<\/footer><!-- .entry-footer -->\n\t\t<\/div>\n\t<\/div>\n<\/article><!-- #post-165 -->\n<\/div><div class=\"col-md-6\">\n<article id=\"post-132\" class=\"bg-white mb-4 has-shadow post-132 post type-post status-publish format-standard has-post-thumbnail hentry category-allgemein\">\n\t<div class=\"\">\n\t\t\t\t\t<div class=\"\">\n\t\t\t\t<a href=\"https:\/\/gruene-wriezen.de\/index.php\/gruenes-buero-in-wriezen-eroeffnet\/\" aria-label=\"Post Thumbnail\" rel=\"bookmark\">\n\t\t\t\t\t\t\t\t<img loading=\"lazy\" decoding=\"async\" width=\"640\" height=\"480\" src=\"https:\/\/gruene-wriezen.de\/wp-content\/uploads\/2020\/11\/IMG_2877-768x576.jpg\" class=\"post-thumbnail wp-post-image\" alt=\"Gr\u00fcnes B\u00fcro in Wriezen er\u00f6ffnet\" \/>\n\n\t\t\t\t\t\t\t<\/a>\n\t\t\t<\/div>\n\t\t\t\t\t<div class=\"p-45\">\n\t\t\t<header class=\"entry-header mb-2\">\n\t\t\t\t\t\t\t\t<h2 class=\"card-title h4 mb-3\"><a href=\"https:\/\/gruene-wriezen.de\/index.php\/gruenes-buero-in-wriezen-eroeffnet\/\" rel=\"bookmark\">Gr\u00fcnes B\u00fcro in Wriezen er\u00f6ffnet<\/a><\/h2>\t\t\t\t\t<div class=\"entry-meta mb-3\">\n\t\t\t\t\t\t<span class=\"posted-on\"><time class=\"entry-date published\" datetime=\"2020-11-06T10:28:47+01:00\">6. November 2020<\/time><time class=\"updated\" datetime=\"2021-12-22T17:18:13+01:00\">22. Dezember 2021<\/time><\/span>\t\t\t\t\t<\/div><!-- .entry-meta -->\n\t\t\t\t\t\t\t\t<\/header><!-- .entry-header -->\n\n\t\t\t<div class=\"entry-content\">\n\t\t\t\t<a href=\"https:\/\/gruene-wriezen.de\/index.php\/gruenes-buero-in-wriezen-eroeffnet\/\" rel=\"bookmark\">\n\t\t\t\t<p>Am heutigen Freitag, den 6.11.2020, nutzen wir das erste Mal offiziell unser neues B\u00fcro in der Wriezener Fu\u00dfg\u00e4ngerzone. Ohne Feierlichkeiten, still und leise haben wir es am 23. Oktober er\u00f6ffnet. [&hellip;]<\/p>\n\t\t\t\t<\/a>\n\t\t\t<\/div><!-- .entry-content -->\n\n\t\t\t<footer class=\"entry-footer\">\n\t\t\t\t\t\t\t<div class=\"d-flex mt-2 mb-2\">\n\t\t\t\t\t\t\t\t<div>\n\t\t<span class=\"cat-links small\"><a href=\"https:\/\/gruene-wriezen.de\/index.php\/category\/allgemein\/\" rel=\"category tag\">Allgemein<\/a><\/span>\n\t\t\t\t<\/div>\n\t\t\t<\/div>\n\t\t\n\t\t\t\t<div class=\"d-flex flex-row-reverse\">\n\t\t\t\t\t<a href=\"https:\/\/gruene-wriezen.de\/index.php\/gruenes-buero-in-wriezen-eroeffnet\/\" rel=\"bookmark\" class=\"continue-reading\">\n\t\t\t\t\tweiterlesen\t\t\t\t<\/a>\n\t\t\t\t<\/div>\n\t\t\t<\/footer><!-- .entry-footer -->\n\t\t<\/div>\n\t<\/div>\n<\/article><!-- #post-132 -->\n<\/div>\n    <a class=\"text-white no-link d-block bg-primary has-green-550-hover-background-color border-radius\" href=\"https:\/\/gruene-wriezen.de?post_type=post\" rel=\"\">\n        <div class=\"p-45 row\">\n        <span class=\"continue-reading text-white text-center pt-0\">zum Blog-Archiv<\/span>\n        <\/div>\n    <\/a>\n<\/div><\/div><\/div><\/div>\n\n\n\n<div class=\"wp-block-group has-text-color has-background is-layout-flow wp-block-group-is-layout-flow\" style=\"background-color:#163c29;color:#ffffff\">\n<h2 class=\"has-text-align-center h1 wp-block-heading\">Werde aktiv<\/h2>\n\n\n\n<p class=\"has-text-align-center\">B\u00dcNDNIS90\/DIE GR\u00dcNEN sind eine Mitmachpartei. Bei uns ist die Basis stark und bestimmt die Leitlinien unserer Politik. Das gilt von der Bundes- \u00fcber die Landesebene bis in die Kommunalparlamente. In lebendigem Austausch kannst auch Du Deine Ideen einbringen und uns helfen, die Stadt und unser Umland lebenswerter zu machen!<\/p>\n\n\n\n<div class=\"wp-block-buttons is-content-justification-center is-layout-flex wp-block-buttons-is-layout-flex\">\n<div class=\"wp-block-button\"><a class=\"wp-block-button__link no-border-radius\" href=\"?post_type=sunflower_event\" rel=\"\">Termine<\/a><\/div>\n\n\n\n<div class=\"wp-block-button\"><a class=\"wp-block-button__link no-border-radius\" href=\"spenden\">Spenden<\/a><\/div>\n\n\n\n<div class=\"wp-block-button\"><a class=\"wp-block-button__link no-border-radius\" href=\"https:\/\/gruene-brandenburg.de\/mitgliedwerden\/\" target=\"_blank\" rel=\"noreferrer noopener\">Mitglied werden<\/a><\/div>\n<\/div>\n<\/div>\n\n\n <div class=\"wp-block-group alignfull sunflower-has-background-dim has-text-color has-white-color has-background is-vertical is-content-justification-center is-content-justification-center is-layout-flex wp-block-group-is-layout-flex next-events \">\n                    <div class=\"wp-block-group__inner-container\">\n                        <h2 class=\"wp-block-heading has-text-align-center h1\">N\u00e4chste Termine<\/h2>\n                        <div class=\"wp-block-button text-center mb-5\"><a class=\"wp-block-button__link no-border-radius\" href=\"https:\/\/gruene-wriezen.de\/index.php\/termine\/\" rel=\"\">Alle Termine<\/a><\/div>\n                    <div class=\"row\"><div class=\"col-12 text-center h4 text-white\">Derzeit sind keine Veranstaltungen geplant.<\/div><\/div><\/div><\/div>","protected":false},"excerpt":{"rendered":"<p>HerzlichWillkommen bei den Wriezener GR\u00dcNEN Es gibt viele \u2013 gr\u00fcne und weniger gr\u00fcne \u2013 Themen, die uns in Wriezen besch\u00e4ftigen. Nicht nur die Mitglieder unseres Ortsverbandes, sondern alle Einwohner unserer [&hellip;]<\/p>\n","protected":false},"author":1,"featured_media":0,"parent":0,"menu_order":0,"comment_status":"closed","ping_status":"closed","template":"","meta":{"footnotes":""},"class_list":["post-288","page","type-page","status-publish","hentry"],"jetpack_sharing_enabled":true,"_links":{"self":[{"href":"https:\/\/gruene-wriezen.de\/index.php\/wp-json\/wp\/v2\/pages\/288","targetHints":{"allow":["GET"]}}],"collection":[{"href":"https:\/\/gruene-wriezen.de\/index.php\/wp-json\/wp\/v2\/pages"}],"about":[{"href":"https:\/\/gruene-wriezen.de\/index.php\/wp-json\/wp\/v2\/types\/page"}],"author":[{"embeddable":true,"href":"https:\/\/gruene-wriezen.de\/index.php\/wp-json\/wp\/v2\/users\/1"}],"replies":[{"embeddable":true,"href":"https:\/\/gruene-wriezen.de\/index.php\/wp-json\/wp\/v2\/comments?post=288"}],"version-history":[{"count":29,"href":"https:\/\/gruene-wriezen.de\/index.php\/wp-json\/wp\/v2\/pages\/288\/revisions"}],"predecessor-version":[{"id":364,"href":"https:\/\/gruene-wriezen.de\/index.php\/wp-json\/wp\/v2\/pages\/288\/revisions\/364"}],"wp:attachment":[{"href":"https:\/\/gruene-wriezen.de\/index.php\/wp-json\/wp\/v2\/media?parent=288"}],"curies":[{"name":"wp","href":"https:\/\/api.w.org\/{rel}","templated":true}]}}